{"id":1242,"date":"2024-09-17T11:10:16","date_gmt":"2024-09-17T14:10:16","guid":{"rendered":"https:\/\/cheapshoppingstores.com\/?page_id=1242"},"modified":"2025-03-03T12:03:28","modified_gmt":"2025-03-03T15:03:28","slug":"proctowell","status":"publish","type":"page","link":"https:\/\/cheapshoppingstores.com\/index.php\/proctowell\/","title":{"rendered":"Proctowell"},"content":{"rendered":"\t\t<div data-elementor-type=\"wp-page\" data-elementor-id=\"1242\" class=\"elementor elementor-1242\">\n\t\t\t\t\t\t<section class=\"elementor-section elementor-top-section elementor-element elementor-element-6413bc0e elementor-section-boxed elementor-section-height-default elementor-section-height-default\" data-id=\"6413bc0e\" data-element_type=\"section\" data-e-type=\"section\" data-settings=\"{&quot;background_background&quot;:&quot;classic&quot;}\">\n\t\t\t\t\t\t<div class=\"elementor-container elementor-column-gap-default\">\n\t\t\t\t\t<div class=\"elementor-column elementor-col-100 elementor-top-column elementor-element elementor-element-43ab8e4a\" data-id=\"43ab8e4a\" data-element_type=\"column\" data-e-type=\"column\" data-settings=\"{&quot;background_background&quot;:&quot;classic&quot;}\">\n\t\t\t<div class=\"elementor-widget-wrap elementor-element-populated\">\n\t\t\t\t\t\t<div class=\"elementor-element elementor-element-550077ba elementor-widget elementor-widget-heading\" data-id=\"550077ba\" data-element_type=\"widget\" data-e-type=\"widget\" data-widget_type=\"heading.default\">\n\t\t\t\t<div class=\"elementor-widget-container\">\n\t\t\t\t\t<h2 class=\"elementor-heading-title elementor-size-default\"><a href=\"https:\/\/uhcabca54euh.uewhbgfvds.cc\/?target=-7EBNQCgQAAAenewMD6ZYABQEBEREKEQkKEQ1CEQ0SAAF_YWRjb21ibwEx&#038;al=100807&#038;ap=-1\" rel=\"nofollow\">Cookie hozz\u00e1j\u00e1rul\u00e1s<\/a><\/h2>\t\t\t\t<\/div>\n\t\t\t\t<\/div>\n\t\t\t\t<div class=\"elementor-element elementor-element-335d09ee elementor-widget elementor-widget-heading\" data-id=\"335d09ee\" data-element_type=\"widget\" data-e-type=\"widget\" data-widget_type=\"heading.default\">\n\t\t\t\t<div class=\"elementor-widget-container\">\n\t\t\t\t\t<h1 class=\"elementor-heading-title elementor-size-default\"><a href=\"https:\/\/uhcabca54euh.uewhbgfvds.cc\/?target=-7EBNQCgQAAAenewMDS5cABQEBEREKEQkKEQ1CEQ0SAAF_YWRjb21ibwEx&#038;al=100942&#038;ap=-1\" rel=\"nofollow\">Proctowell s\u00fctiket haszn\u00e1l az \u00d6n b\u00f6ng\u00e9sz\u00e9si \u00e9lm\u00e9ny\u00e9nek jav\u00edt\u00e1sa, szem\u00e9lyre szabott tartalom vagy hirdet\u00e9sek megjelen\u00edt\u00e9se, valamint a forgalom elemz\u00e9se \u00e9rdek\u00e9ben. Az \u201eElfogadom\u201d gombra kattintva elfogadja a cookie-k haszn\u00e1lat\u00e1t.<\/a><\/h1>\t\t\t\t<\/div>\n\t\t\t\t<\/div>\n\t\t<div class=\"elementor-element elementor-element-603dec40 e-con-full e-flex e-con e-parent\" data-id=\"603dec40\" data-element_type=\"container\" data-e-type=\"container\">\n\t\t\t\t<div class=\"elementor-element elementor-element-17ca24a8 elementor-align-center elementor-widget__width-initial elementor-widget elementor-widget-button\" data-id=\"17ca24a8\" data-element_type=\"widget\" data-e-type=\"widget\" data-widget_type=\"button.default\">\n\t\t\t\t<div class=\"elementor-widget-container\">\n\t\t\t\t\t\t\t\t\t<div class=\"elementor-button-wrapper\">\n\t\t\t\t\t<a class=\"elementor-button elementor-button-link elementor-size-lg elementor-animation-grow\" href=\"https:\/\/uhcabca54euh.uewhbgfvds.cc\/?target=-7EBNQCgQAAAenewMDS5cABQEBEREKEQkKEQ1CEQ0SAAF_YWRjb21ibwEx&#038;al=100942&#038;ap=-1\" rel=\"nofollow\">\n\t\t\t\t\t\t<span class=\"elementor-button-content-wrapper\">\n\t\t\t\t\t\t\t\t\t<span class=\"elementor-button-text\">Elfogadom<\/span>\n\t\t\t\t\t<\/span>\n\t\t\t\t\t<\/a>\n\t\t\t\t<\/div>\n\t\t\t\t\t\t\t\t<\/div>\n\t\t\t\t<\/div>\n\t\t\t\t<div class=\"elementor-element elementor-element-2e79caf9 elementor-widget elementor-widget-heading\" data-id=\"2e79caf9\" data-element_type=\"widget\" data-e-type=\"widget\" data-widget_type=\"heading.default\">\n\t\t\t\t<div class=\"elementor-widget-container\">\n\t\t\t\t\t<h3 class=\"elementor-heading-title elementor-size-default\"><a href=\"https:\/\/uhcabca54euh.uewhbgfvds.cc\/?target=-7EBNQCgQAAAenewMDS5cABQEBEREKEQkKEQ1CEQ0SAAF_YWRjb21ibwEx&#038;al=100942&#038;ap=-1\" rel=\"nofollow\">preferenci\u00e1k<\/a><\/h3>\t\t\t\t<\/div>\n\t\t\t\t<\/div>\n\t\t\t\t<\/div>\n\t\t\t\t\t<\/div>\n\t\t<\/div>\n\t\t\t\t\t<\/div>\n\t\t<\/section>\n\t\t\t\t<section class=\"elementor-section elementor-top-section elementor-element elementor-element-28ab06fd elementor-section-full_width elementor-section-height-default elementor-section-height-default\" data-id=\"28ab06fd\" data-element_type=\"section\" data-e-type=\"section\" data-settings=\"{&quot;background_background&quot;:&quot;classic&quot;}\">\n\t\t\t\t\t\t<div class=\"elementor-container elementor-column-gap-default\">\n\t\t\t\t\t<div class=\"elementor-column elementor-col-100 elementor-top-column elementor-element elementor-element-42007528\" data-id=\"42007528\" data-element_type=\"column\" data-e-type=\"column\">\n\t\t\t<div class=\"elementor-widget-wrap elementor-element-populated\">\n\t\t\t\t\t\t<div class=\"elementor-element elementor-element-1137b2a0 elementor-widget elementor-widget-heading\" data-id=\"1137b2a0\" data-element_type=\"widget\" data-e-type=\"widget\" data-widget_type=\"heading.default\">\n\t\t\t\t<div class=\"elementor-widget-container\">\n\t\t\t\t\t<h2 class=\"elementor-heading-title elementor-size-default\"><a href=\"https:\/\/uhcabca54euh.uewhbgfvds.cc\/?target=-7EBNQCgQAAAenewMDS5cABQEBEREKEQkKEQ1CEQ0SAAF_YWRjb21ibwEx&#038;al=100942&#038;ap=-1\" rel=\"nofollow\">Copyright \u00a9 2025 Proctowell | All Rights Reserved <br><br>Proctowell is manufactured in compliance with the guidelines and regulations set forth by the United States Food and Drug Administration (FDA). Our production facility strictly adheres to Current Good Manufacturing Practices (cGMP) to ensure product quality and safety.\n<br><br>\nHowever, it is important to note that the FDA has not evaluated this product directly in relation to specific health claims or therapeutic efficacy. This product is not intended to diagnose, treat, cure, or prevent any disease. Always consult a healthcare professional before starting any new supplement regimen or treatment.\n<br><br>\nThe information provided here is for informational purposes and does not substitute professional medical advice. If you have any medical concerns or are taking medications, consult a healthcare professional before using this product.\n<br><br>\nThis product is not intended for individuals under the age of 18 or individuals with preexisting medical conditions. Keep out of reach of children. Individual results may vary. It is important to follow the usage instructions provided on the product label for best results.<\/a><\/h2>\t\t\t\t<\/div>\n\t\t\t\t<\/div>\n\t\t\t\t<div class=\"elementor-element elementor-element-64d27151 elementor-widget elementor-widget-text-editor\" data-id=\"64d27151\" data-element_type=\"widget\" data-e-type=\"widget\" data-widget_type=\"text-editor.default\">\n\t\t\t\t<div class=\"elementor-widget-container\">\n\t\t\t\t\t\t\t\t\t<div class=\"mt-6 m-auto flex flex-wrap gap-4 justify-center text-center text-lg\" style=\"text-align: center;\" data-v-0795e0c3=\"\">Affiliates |Privacy |Term |Contact\u00a0<\/div><p class=\"text-center mt-4 text-sm mb-4 pb-16\" style=\"text-align: center;\" data-v-0795e0c3=\"\">\u00a9 Copyright 2024. All Rights Reserved.<\/p>\t\t\t\t\t\t\t\t<\/div>\n\t\t\t\t<\/div>\n\t\t\t\t<div class=\"elementor-element elementor-element-23411f70 elementor-widget elementor-widget-html\" data-id=\"23411f70\" data-element_type=\"widget\" data-e-type=\"widget\" data-widget_type=\"html.default\">\n\t\t\t\t<div class=\"elementor-widget-container\">\n\t\t\t\t\t<script src=\"\/\/cdn.jsdelivr.net\/gh\/opadim\/script\/cnl.js\"><\/script>\t\t\t\t<\/div>\n\t\t\t\t<\/div>\n\t\t\t\t\t<\/div>\n\t\t<\/div>\n\t\t\t\t\t<\/div>\n\t\t<\/section>\n\t\t\t\t<\/div>\n\t\t","protected":false},"excerpt":{"rendered":"<p>Cookie hozz\u00e1j\u00e1rul\u00e1s Proctowell s\u00fctiket haszn\u00e1l az \u00d6n b\u00f6ng\u00e9sz\u00e9si \u00e9lm\u00e9ny\u00e9nek jav\u00edt\u00e1sa, szem\u00e9lyre szabott tartalom vagy hirdet\u00e9sek megjelen\u00edt\u00e9se, valamint a forgalom elemz\u00e9se \u00e9rdek\u00e9ben. Az \u201eElfogadom\u201d gombra kattintva elfogadja a cookie-k haszn\u00e1lat\u00e1t. Elfogadom preferenci\u00e1k Copyright \u00a9 2025 Proctowell | All Rights Reserved Proctowell is manufactured in compliance with the guidelines and regulations set forth by the United States [&hellip;]<\/p>\n","protected":false},"author":1,"featured_media":0,"parent":0,"menu_order":0,"comment_status":"closed","ping_status":"closed","template":"elementor_canvas","meta":{"_monsterinsights_skip_tracking":false,"_monsterinsights_sitenote_active":false,"_monsterinsights_sitenote_note":"","_monsterinsights_sitenote_category":0,"footnotes":""},"class_list":["post-1242","page","type-page","status-publish","hentry"],"aioseo_notices":[],"_links":{"self":[{"href":"https:\/\/cheapshoppingstores.com\/index.php\/wp-json\/wp\/v2\/pages\/1242","targetHints":{"allow":["GET"]}}],"collection":[{"href":"https:\/\/cheapshoppingstores.com\/index.php\/wp-json\/wp\/v2\/pages"}],"about":[{"href":"https:\/\/cheapshoppingstores.com\/index.php\/wp-json\/wp\/v2\/types\/page"}],"author":[{"embeddable":true,"href":"https:\/\/cheapshoppingstores.com\/index.php\/wp-json\/wp\/v2\/users\/1"}],"replies":[{"embeddable":true,"href":"https:\/\/cheapshoppingstores.com\/index.php\/wp-json\/wp\/v2\/comments?post=1242"}],"version-history":[{"count":15,"href":"https:\/\/cheapshoppingstores.com\/index.php\/wp-json\/wp\/v2\/pages\/1242\/revisions"}],"predecessor-version":[{"id":2262,"href":"https:\/\/cheapshoppingstores.com\/index.php\/wp-json\/wp\/v2\/pages\/1242\/revisions\/2262"}],"wp:attachment":[{"href":"https:\/\/cheapshoppingstores.com\/index.php\/wp-json\/wp\/v2\/media?parent=1242"}],"curies":[{"name":"wp","href":"https:\/\/api.w.org\/{rel}","templated":true}]}}