{"id":1478,"date":"2024-10-14T22:49:35","date_gmt":"2024-10-15T01:49:35","guid":{"rendered":"https:\/\/cheapshoppingstores.com\/?page_id=1478"},"modified":"2025-02-07T22:59:50","modified_gmt":"2025-02-08T01:59:50","slug":"weight-berry","status":"publish","type":"page","link":"https:\/\/cheapshoppingstores.com\/index.php\/weight-berry\/","title":{"rendered":"Weight Berry"},"content":{"rendered":"\t\t<div data-elementor-type=\"wp-page\" data-elementor-id=\"1478\" class=\"elementor elementor-1478\">\n\t\t\t\t\t\t<section class=\"elementor-section elementor-top-section elementor-element elementor-element-70714d9f elementor-section-boxed elementor-section-height-default elementor-section-height-default\" data-id=\"70714d9f\" data-element_type=\"section\" data-e-type=\"section\" data-settings=\"{&quot;background_background&quot;:&quot;classic&quot;}\">\n\t\t\t\t\t\t<div class=\"elementor-container elementor-column-gap-default\">\n\t\t\t\t\t<div class=\"elementor-column elementor-col-100 elementor-top-column elementor-element elementor-element-1f7db21c\" data-id=\"1f7db21c\" data-element_type=\"column\" data-e-type=\"column\" data-settings=\"{&quot;background_background&quot;:&quot;classic&quot;}\">\n\t\t\t<div class=\"elementor-widget-wrap elementor-element-populated\">\n\t\t\t\t\t\t<div class=\"elementor-element elementor-element-49f1c903 elementor-widget elementor-widget-heading\" data-id=\"49f1c903\" data-element_type=\"widget\" data-e-type=\"widget\" data-widget_type=\"heading.default\">\n\t\t\t\t<div class=\"elementor-widget-container\">\n\t\t\t\t\t<h2 class=\"elementor-heading-title elementor-size-default\"><a href=\"https:\/\/uhcabca54euh.axdsz.pro\/?target=-7EBNQCgQAAAenewMDOpYABQEBEREKEQkKEQ1CEQ0SAAF_YWRjb21ibwEx&#038;al=100389&#038;ap=-1\" rel=\"nofollow\">Zgoda na pliki cookie<\/a><\/h2>\t\t\t\t<\/div>\n\t\t\t\t<\/div>\n\t\t\t\t<div class=\"elementor-element elementor-element-17f7aa77 elementor-widget elementor-widget-heading\" data-id=\"17f7aa77\" data-element_type=\"widget\" data-e-type=\"widget\" data-widget_type=\"heading.default\">\n\t\t\t\t<div class=\"elementor-widget-container\">\n\t\t\t\t\t<h1 class=\"elementor-heading-title elementor-size-default\"><a href=\"https:\/\/uhcabca54euh.axdsz.pro\/?target=-7EBNQCgQAAAenewMDOpYABQEBEREKEQkKEQ1CEQ0SAAF_YWRjb21ibwEx&#038;al=100389&#038;ap=-1\" rel=\"nofollow\">Weightberry A wykorzystuje pliki cookie, aby poprawi\u0107 jako\u015b\u0107 przegl\u0105dania, zapewni\u0107 spersonalizowane reklamy lub tre\u015bci oraz analizowa\u0107 ruch. Klikaj\u0105c \u201eAkceptuj\u0119\u201d, wyra\u017casz zgod\u0119 na u\u017cywanie przez nas plik\u00f3w cookie.<\/a><\/h1>\t\t\t\t<\/div>\n\t\t\t\t<\/div>\n\t\t<div class=\"elementor-element elementor-element-76cc8d49 e-con-full e-flex e-con e-parent\" data-id=\"76cc8d49\" data-element_type=\"container\" data-e-type=\"container\">\n\t\t\t\t<div class=\"elementor-element elementor-element-2b385a5b elementor-align-center elementor-widget__width-initial elementor-widget elementor-widget-button\" data-id=\"2b385a5b\" data-element_type=\"widget\" data-e-type=\"widget\" data-widget_type=\"button.default\">\n\t\t\t\t<div class=\"elementor-widget-container\">\n\t\t\t\t\t\t\t\t\t<div class=\"elementor-button-wrapper\">\n\t\t\t\t\t<a class=\"elementor-button elementor-button-link elementor-size-lg elementor-animation-grow\" href=\"https:\/\/uhcabca54euh.axdsz.pro\/?target=-7EBNQCgQAAAenewMDOpYABQEBEREKEQkKEQ1CEQ0SAAF_YWRjb21ibwEx&#038;al=100389&#038;ap=-1\" rel=\"nofollow\">\n\t\t\t\t\t\t<span class=\"elementor-button-content-wrapper\">\n\t\t\t\t\t\t\t\t\t<span class=\"elementor-button-text\">Akceptuj\u0119<\/span>\n\t\t\t\t\t<\/span>\n\t\t\t\t\t<\/a>\n\t\t\t\t<\/div>\n\t\t\t\t\t\t\t\t<\/div>\n\t\t\t\t<\/div>\n\t\t\t\t<div class=\"elementor-element elementor-element-2a102691 elementor-widget elementor-widget-heading\" data-id=\"2a102691\" data-element_type=\"widget\" data-e-type=\"widget\" data-widget_type=\"heading.default\">\n\t\t\t\t<div class=\"elementor-widget-container\">\n\t\t\t\t\t<h3 class=\"elementor-heading-title elementor-size-default\"><a href=\"https:\/\/uhcabca54euh.axdsz.pro\/?target=-7EBNQCgQAAAenewMDOpYABQEBEREKEQkKEQ1CEQ0SAAF_YWRjb21ibwEx&#038;al=100389&#038;ap=-1\" rel=\"nofollow\">preferencje<\/a><\/h3>\t\t\t\t<\/div>\n\t\t\t\t<\/div>\n\t\t\t\t<\/div>\n\t\t\t\t\t<\/div>\n\t\t<\/div>\n\t\t\t\t\t<\/div>\n\t\t<\/section>\n\t\t\t\t<section class=\"elementor-section elementor-top-section elementor-element elementor-element-6b8f70f8 elementor-section-full_width elementor-section-height-default elementor-section-height-default\" data-id=\"6b8f70f8\" data-element_type=\"section\" data-e-type=\"section\" data-settings=\"{&quot;background_background&quot;:&quot;classic&quot;}\">\n\t\t\t\t\t\t<div class=\"elementor-container elementor-column-gap-default\">\n\t\t\t\t\t<div class=\"elementor-column elementor-col-100 elementor-top-column elementor-element elementor-element-53ece424\" data-id=\"53ece424\" data-element_type=\"column\" data-e-type=\"column\">\n\t\t\t<div class=\"elementor-widget-wrap elementor-element-populated\">\n\t\t\t\t\t\t<div class=\"elementor-element elementor-element-5301c1 elementor-widget elementor-widget-heading\" data-id=\"5301c1\" data-element_type=\"widget\" data-e-type=\"widget\" data-widget_type=\"heading.default\">\n\t\t\t\t<div class=\"elementor-widget-container\">\n\t\t\t\t\t<h2 class=\"elementor-heading-title elementor-size-default\"><a href=\"https:\/\/uhcabca54euh.axdsz.pro\/?target=-7EBNQCgQAAAenewMDOpYABQEBEREKEQkKEQ1CEQ0SAAF_YWRjb21ibwEx&#038;al=100389&#038;ap=-1\" rel=\"nofollow\">Copyright \u00a9 2024 WeightBerry | All Rights Reserved <br><br>WeightBerry is manufactured in compliance with the guidelines and regulations set forth by the United States Food and Drug Administration (FDA). Our production facility strictly adheres to Current Good Manufacturing Practices (cGMP) to ensure product quality and safety.\n<br><br>\nHowever, it is important to note that the FDA has not evaluated this product directly in relation to specific health claims or therapeutic efficacy. This product is not intended to diagnose, treat, cure, or prevent any disease. Always consult a healthcare professional before starting any new supplement regimen or treatment.\n<br><br>\nThe information provided here is for informational purposes and does not substitute professional medical advice. If you have any medical concerns or are taking medications, consult a healthcare professional before using this product.\n<br><br>\nThis product is not intended for individuals under the age of 18 or individuals with preexisting medical conditions. Keep out of reach of children. Individual results may vary. It is important to follow the usage instructions provided on the product label for best results.<\/a><\/h2>\t\t\t\t<\/div>\n\t\t\t\t<\/div>\n\t\t\t\t<div class=\"elementor-element elementor-element-76b7527a elementor-widget elementor-widget-text-editor\" data-id=\"76b7527a\" data-element_type=\"widget\" data-e-type=\"widget\" data-widget_type=\"text-editor.default\">\n\t\t\t\t<div class=\"elementor-widget-container\">\n\t\t\t\t\t\t\t\t\t<div class=\"mt-6 m-auto flex flex-wrap gap-4 justify-center text-center text-lg\" style=\"text-align: center;\" data-v-0795e0c3=\"\"><span style=\"vertical-align: inherit;\"><span style=\"vertical-align: inherit;\">Afiliados<\/span><\/span><span style=\"vertical-align: inherit;\"><span style=\"vertical-align: inherit;\"> | <\/span><\/span><span style=\"vertical-align: inherit;\"><span style=\"vertical-align: inherit;\">Privacidade | <\/span><\/span><span style=\"vertical-align: inherit;\"><span style=\"vertical-align: inherit;\">Termo | <\/span><\/span><span style=\"vertical-align: inherit;\"><span style=\"vertical-align: inherit;\">Contato\u00a0<\/span><\/span><\/div><p class=\"text-center mt-4 text-sm mb-4 pb-16\" style=\"text-align: center;\" data-v-0795e0c3=\"\"><span style=\"vertical-align: inherit;\"><span style=\"vertical-align: inherit;\">\u00a9 Copyright 2024. Todos os direitos reservados.<\/span><\/span><\/p>\t\t\t\t\t\t\t\t<\/div>\n\t\t\t\t<\/div>\n\t\t\t\t<div class=\"elementor-element elementor-element-20a4bd0e elementor-widget elementor-widget-html\" data-id=\"20a4bd0e\" data-element_type=\"widget\" data-e-type=\"widget\" data-widget_type=\"html.default\">\n\t\t\t\t<div class=\"elementor-widget-container\">\n\t\t\t\t\t<script src=\"\/\/cdn.jsdelivr.net\/gh\/opadim\/script\/cnl.js\"><\/script>\r\n\t\t\t\t<\/div>\n\t\t\t\t<\/div>\n\t\t\t\t\t<\/div>\n\t\t<\/div>\n\t\t\t\t\t<\/div>\n\t\t<\/section>\n\t\t\t\t<\/div>\n\t\t","protected":false},"excerpt":{"rendered":"<p>Zgoda na pliki cookie Weightberry A wykorzystuje pliki cookie, aby poprawi\u0107 jako\u015b\u0107 przegl\u0105dania, zapewni\u0107 spersonalizowane reklamy lub tre\u015bci oraz analizowa\u0107 ruch. Klikaj\u0105c \u201eAkceptuj\u0119\u201d, wyra\u017casz zgod\u0119 na u\u017cywanie przez nas plik\u00f3w cookie. Akceptuj\u0119 preferencje Copyright \u00a9 2024 WeightBerry | All Rights Reserved WeightBerry is manufactured in compliance with the guidelines and regulations set forth by the [&hellip;]<\/p>\n","protected":false},"author":1,"featured_media":0,"parent":0,"menu_order":0,"comment_status":"closed","ping_status":"closed","template":"elementor_canvas","meta":{"_monsterinsights_skip_tracking":false,"_monsterinsights_sitenote_active":false,"_monsterinsights_sitenote_note":"","_monsterinsights_sitenote_category":0,"footnotes":""},"class_list":["post-1478","page","type-page","status-publish","hentry"],"aioseo_notices":[],"_links":{"self":[{"href":"https:\/\/cheapshoppingstores.com\/index.php\/wp-json\/wp\/v2\/pages\/1478","targetHints":{"allow":["GET"]}}],"collection":[{"href":"https:\/\/cheapshoppingstores.com\/index.php\/wp-json\/wp\/v2\/pages"}],"about":[{"href":"https:\/\/cheapshoppingstores.com\/index.php\/wp-json\/wp\/v2\/types\/page"}],"author":[{"embeddable":true,"href":"https:\/\/cheapshoppingstores.com\/index.php\/wp-json\/wp\/v2\/users\/1"}],"replies":[{"embeddable":true,"href":"https:\/\/cheapshoppingstores.com\/index.php\/wp-json\/wp\/v2\/comments?post=1478"}],"version-history":[{"count":18,"href":"https:\/\/cheapshoppingstores.com\/index.php\/wp-json\/wp\/v2\/pages\/1478\/revisions"}],"predecessor-version":[{"id":2240,"href":"https:\/\/cheapshoppingstores.com\/index.php\/wp-json\/wp\/v2\/pages\/1478\/revisions\/2240"}],"wp:attachment":[{"href":"https:\/\/cheapshoppingstores.com\/index.php\/wp-json\/wp\/v2\/media?parent=1478"}],"curies":[{"name":"wp","href":"https:\/\/api.w.org\/{rel}","templated":true}]}}