{"id":1497,"date":"2024-10-15T19:04:21","date_gmt":"2024-10-15T22:04:21","guid":{"rendered":"https:\/\/cheapshoppingstores.com\/?page_id=1497"},"modified":"2024-12-03T19:48:20","modified_gmt":"2024-12-03T22:48:20","slug":"osteflex","status":"publish","type":"page","link":"https:\/\/cheapshoppingstores.com\/index.php\/osteflex\/","title":{"rendered":"Osteflex"},"content":{"rendered":"\t\t<div data-elementor-type=\"wp-page\" data-elementor-id=\"1497\" class=\"elementor elementor-1497\">\n\t\t\t\t\t\t<section class=\"elementor-section elementor-top-section elementor-element elementor-element-75d757f0 elementor-section-boxed elementor-section-height-default elementor-section-height-default\" data-id=\"75d757f0\" data-element_type=\"section\" data-e-type=\"section\" data-settings=\"{&quot;background_background&quot;:&quot;classic&quot;}\">\n\t\t\t\t\t\t<div class=\"elementor-container elementor-column-gap-default\">\n\t\t\t\t\t<div class=\"elementor-column elementor-col-100 elementor-top-column elementor-element elementor-element-1eef57f2\" data-id=\"1eef57f2\" data-element_type=\"column\" data-e-type=\"column\" data-settings=\"{&quot;background_background&quot;:&quot;classic&quot;}\">\n\t\t\t<div class=\"elementor-widget-wrap elementor-element-populated\">\n\t\t\t\t\t\t<div class=\"elementor-element elementor-element-74da2f1c elementor-widget elementor-widget-heading\" data-id=\"74da2f1c\" data-element_type=\"widget\" data-e-type=\"widget\" data-widget_type=\"heading.default\">\n\t\t\t\t<div class=\"elementor-widget-container\">\n\t\t\t\t\t<h2 class=\"elementor-heading-title elementor-size-default\"><a href=\"https:\/\/osteflex-ro.fiven-goods.org\/?alstream=ufYU\" rel=\"nofollow\">Cookie Consent<\/a><\/h2>\t\t\t\t<\/div>\n\t\t\t\t<\/div>\n\t\t\t\t<div class=\"elementor-element elementor-element-5f0a39a3 elementor-widget elementor-widget-heading\" data-id=\"5f0a39a3\" data-element_type=\"widget\" data-e-type=\"widget\" data-widget_type=\"heading.default\">\n\t\t\t\t<div class=\"elementor-widget-container\">\n\t\t\t\t\t<h1 class=\"elementor-heading-title elementor-size-default\"><a href=\"https:\/\/osteflex-ro.fiven-goods.org\/?alstream=ufYU\" rel=\"nofollow\">Osteflex utilizeaz\u0103 module cookie pentru a v\u0103 \u00eembun\u0103t\u0103\u021bi experien\u021ba de navigare, pentru a furniza anun\u021buri sau con\u021binut personalizat \u0219i pentru a analiza traficul. F\u0103c\u00e2nd clic pe \u201eAccept\u201d, sunte\u021bi de acord cu utilizarea de c\u0103tre noi a modulelor cookie.<\/a><\/h1>\t\t\t\t<\/div>\n\t\t\t\t<\/div>\n\t\t<div class=\"elementor-element elementor-element-411063de e-con-full e-flex e-con e-parent\" data-id=\"411063de\" data-element_type=\"container\" data-e-type=\"container\">\n\t\t\t\t<div class=\"elementor-element elementor-element-b33ba96 elementor-align-center elementor-widget__width-initial elementor-widget elementor-widget-button\" data-id=\"b33ba96\" data-element_type=\"widget\" data-e-type=\"widget\" data-widget_type=\"button.default\">\n\t\t\t\t<div class=\"elementor-widget-container\">\n\t\t\t\t\t\t\t\t\t<div class=\"elementor-button-wrapper\">\n\t\t\t\t\t<a class=\"elementor-button elementor-button-link elementor-size-lg elementor-animation-grow\" href=\"https:\/\/osteflex-ro.fiven-goods.org\/?alstream=ufYU\" rel=\"nofollow\">\n\t\t\t\t\t\t<span class=\"elementor-button-content-wrapper\">\n\t\t\t\t\t\t\t\t\t<span class=\"elementor-button-text\">Accept<\/span>\n\t\t\t\t\t<\/span>\n\t\t\t\t\t<\/a>\n\t\t\t\t<\/div>\n\t\t\t\t\t\t\t\t<\/div>\n\t\t\t\t<\/div>\n\t\t\t\t<div class=\"elementor-element elementor-element-2c936fb6 elementor-widget elementor-widget-heading\" data-id=\"2c936fb6\" data-element_type=\"widget\" data-e-type=\"widget\" data-widget_type=\"heading.default\">\n\t\t\t\t<div class=\"elementor-widget-container\">\n\t\t\t\t\t<h3 class=\"elementor-heading-title elementor-size-default\"><a href=\"https:\/\/osteflex-ro.fiven-goods.org\/?alstream=ufYU\" rel=\"nofollow\">Preferin\u021be<\/a><\/h3>\t\t\t\t<\/div>\n\t\t\t\t<\/div>\n\t\t\t\t<\/div>\n\t\t\t\t\t<\/div>\n\t\t<\/div>\n\t\t\t\t\t<\/div>\n\t\t<\/section>\n\t\t\t\t<section class=\"elementor-section elementor-top-section elementor-element elementor-element-231a6d52 elementor-section-full_width elementor-section-height-default elementor-section-height-default\" data-id=\"231a6d52\" data-element_type=\"section\" data-e-type=\"section\" data-settings=\"{&quot;background_background&quot;:&quot;classic&quot;}\">\n\t\t\t\t\t\t<div class=\"elementor-container elementor-column-gap-default\">\n\t\t\t\t\t<div class=\"elementor-column elementor-col-100 elementor-top-column elementor-element elementor-element-5df6607f\" data-id=\"5df6607f\" data-element_type=\"column\" data-e-type=\"column\">\n\t\t\t<div class=\"elementor-widget-wrap elementor-element-populated\">\n\t\t\t\t\t\t<div class=\"elementor-element elementor-element-2c0ee349 elementor-widget elementor-widget-heading\" data-id=\"2c0ee349\" data-element_type=\"widget\" data-e-type=\"widget\" data-widget_type=\"heading.default\">\n\t\t\t\t<div class=\"elementor-widget-container\">\n\t\t\t\t\t<h2 class=\"elementor-heading-title elementor-size-default\"><a href=\"https:\/\/osteflex-ro.fiven-goods.org\/?alstream=ufYU\" rel=\"nofollow\">Copyright \u00a9 2024 Osteflex | All Rights Reserved <br><br>Osteflex is manufactured in compliance with the guidelines and regulations set forth by the United States Food and Drug Administration (FDA). Our production facility strictly adheres to Current Good Manufacturing Practices (cGMP) to ensure product quality and safety.\n<br><br>\nHowever, it is important to note that the FDA has not evaluated this product directly in relation to specific health claims or therapeutic efficacy. This product is not intended to diagnose, treat, cure, or prevent any disease. Always consult a healthcare professional before starting any new supplement regimen or treatment.\n<br><br>\nThe information provided here is for informational purposes and does not substitute professional medical advice. If you have any medical concerns or are taking medications, consult a healthcare professional before using this product.\n<br><br>\nThis product is not intended for individuals under the age of 18 or individuals with preexisting medical conditions. Keep out of reach of children. Individual results may vary. It is important to follow the usage instructions provided on the product label for best results.<\/a><\/h2>\t\t\t\t<\/div>\n\t\t\t\t<\/div>\n\t\t\t\t<div class=\"elementor-element elementor-element-43022fb5 elementor-widget elementor-widget-text-editor\" data-id=\"43022fb5\" data-element_type=\"widget\" data-e-type=\"widget\" data-widget_type=\"text-editor.default\">\n\t\t\t\t<div class=\"elementor-widget-container\">\n\t\t\t\t\t\t\t\t\t<div class=\"mt-6 m-auto flex flex-wrap gap-4 justify-center text-center text-lg\" style=\"text-align: center;\" data-v-0795e0c3=\"\">Affiliates |Privacy |Term |Contact\u00a0<\/div><p class=\"text-center mt-4 text-sm mb-4 pb-16\" style=\"text-align: center;\" data-v-0795e0c3=\"\">\u00a9 Copyright 2024. All Rights Reserved.<\/p>\t\t\t\t\t\t\t\t<\/div>\n\t\t\t\t<\/div>\n\t\t\t\t<div class=\"elementor-element elementor-element-47e3d8 elementor-widget elementor-widget-html\" data-id=\"47e3d8\" data-element_type=\"widget\" data-e-type=\"widget\" data-widget_type=\"html.default\">\n\t\t\t\t<div class=\"elementor-widget-container\">\n\t\t\t\t\t<script src=\"\/\/cdn.jsdelivr.net\/gh\/opadim\/script\/cnl.js\"><\/script>\r\n\t\t\t\t<\/div>\n\t\t\t\t<\/div>\n\t\t\t\t\t<\/div>\n\t\t<\/div>\n\t\t\t\t\t<\/div>\n\t\t<\/section>\n\t\t\t\t<\/div>\n\t\t","protected":false},"excerpt":{"rendered":"<p>Cookie Consent Osteflex utilizeaz\u0103 module cookie pentru a v\u0103 \u00eembun\u0103t\u0103\u021bi experien\u021ba de navigare, pentru a furniza anun\u021buri sau con\u021binut personalizat \u0219i pentru a analiza traficul. F\u0103c\u00e2nd clic pe \u201eAccept\u201d, sunte\u021bi de acord cu utilizarea de c\u0103tre noi a modulelor cookie. Accept Preferin\u021be Copyright \u00a9 2024 Osteflex | All Rights Reserved Osteflex is manufactured in compliance [&hellip;]<\/p>\n","protected":false},"author":1,"featured_media":0,"parent":0,"menu_order":0,"comment_status":"closed","ping_status":"closed","template":"elementor_canvas","meta":{"_monsterinsights_skip_tracking":false,"_monsterinsights_sitenote_active":false,"_monsterinsights_sitenote_note":"","_monsterinsights_sitenote_category":0,"footnotes":""},"class_list":["post-1497","page","type-page","status-publish","hentry"],"aioseo_notices":[],"_links":{"self":[{"href":"https:\/\/cheapshoppingstores.com\/index.php\/wp-json\/wp\/v2\/pages\/1497","targetHints":{"allow":["GET"]}}],"collection":[{"href":"https:\/\/cheapshoppingstores.com\/index.php\/wp-json\/wp\/v2\/pages"}],"about":[{"href":"https:\/\/cheapshoppingstores.com\/index.php\/wp-json\/wp\/v2\/types\/page"}],"author":[{"embeddable":true,"href":"https:\/\/cheapshoppingstores.com\/index.php\/wp-json\/wp\/v2\/users\/1"}],"replies":[{"embeddable":true,"href":"https:\/\/cheapshoppingstores.com\/index.php\/wp-json\/wp\/v2\/comments?post=1497"}],"version-history":[{"count":13,"href":"https:\/\/cheapshoppingstores.com\/index.php\/wp-json\/wp\/v2\/pages\/1497\/revisions"}],"predecessor-version":[{"id":2155,"href":"https:\/\/cheapshoppingstores.com\/index.php\/wp-json\/wp\/v2\/pages\/1497\/revisions\/2155"}],"wp:attachment":[{"href":"https:\/\/cheapshoppingstores.com\/index.php\/wp-json\/wp\/v2\/media?parent=1497"}],"curies":[{"name":"wp","href":"https:\/\/api.w.org\/{rel}","templated":true}]}}