{"id":1982,"date":"2024-11-06T23:25:00","date_gmt":"2024-11-07T02:25:00","guid":{"rendered":"https:\/\/cheapshoppingstores.com\/?page_id=1982"},"modified":"2025-03-25T16:49:14","modified_gmt":"2025-03-25T19:49:14","slug":"mikoherb","status":"publish","type":"page","link":"https:\/\/cheapshoppingstores.com\/index.php\/mikoherb\/","title":{"rendered":"Mikoherb"},"content":{"rendered":"\t\t<div data-elementor-type=\"wp-page\" data-elementor-id=\"1982\" class=\"elementor elementor-1982\">\n\t\t\t\t\t\t<section class=\"elementor-section elementor-top-section elementor-element elementor-element-67dc288b elementor-section-boxed elementor-section-height-default elementor-section-height-default\" data-id=\"67dc288b\" data-element_type=\"section\" data-e-type=\"section\" data-settings=\"{&quot;background_background&quot;:&quot;classic&quot;}\">\n\t\t\t\t\t\t<div class=\"elementor-container elementor-column-gap-default\">\n\t\t\t\t\t<div class=\"elementor-column elementor-col-100 elementor-top-column elementor-element elementor-element-2d6512ca\" data-id=\"2d6512ca\" data-element_type=\"column\" data-e-type=\"column\" data-settings=\"{&quot;background_background&quot;:&quot;classic&quot;}\">\n\t\t\t<div class=\"elementor-widget-wrap elementor-element-populated\">\n\t\t\t\t\t\t<div class=\"elementor-element elementor-element-453ee9f9 elementor-widget elementor-widget-heading\" data-id=\"453ee9f9\" data-element_type=\"widget\" data-e-type=\"widget\" data-widget_type=\"heading.default\">\n\t\t\t\t<div class=\"elementor-widget-container\">\n\t\t\t\t\t<h2 class=\"elementor-heading-title elementor-size-default\"><a href=\"https:\/\/uhcabca54euh.uewhbgfvds.cc\/?target=-7EBNQCgQAAAenewMD9HoABQEBEREKEQkKEQ1CEQ0SAAF_YWRjb21ibwEx&#038;al=79735&#038;ap=-1\" rel=\"nofollow\">Suglasnost za kola\u010di\u0107e<\/a><\/h2>\t\t\t\t<\/div>\n\t\t\t\t<\/div>\n\t\t\t\t<div class=\"elementor-element elementor-element-589210b3 elementor-widget elementor-widget-heading\" data-id=\"589210b3\" data-element_type=\"widget\" data-e-type=\"widget\" data-widget_type=\"heading.default\">\n\t\t\t\t<div class=\"elementor-widget-container\">\n\t\t\t\t\t<h1 class=\"elementor-heading-title elementor-size-default\"><a href=\"https:\/\/uhcabca54euh.uewhbgfvds.cc\/?target=-7EBNQCgQAAAenewMD9HoABQEBEREKEQkKEQ1CEQ0SAAF_YWRjb21ibwEx&#038;al=79735&#038;ap=-1\" rel=\"nofollow\">Mikoherb koristi kola\u010di\u0107e za pobolj\u0161anje va\u0161eg iskustva pregledavanja, objavljivanje personaliziranih oglasa ili sadr\u017eaja i analizu prometa. Klikom na \u00abPrihva\u0107am\u00bb pristajete na na\u0161u upotrebu kola\u010di\u0107a.<\/a><\/h1>\t\t\t\t<\/div>\n\t\t\t\t<\/div>\n\t\t<div class=\"elementor-element elementor-element-2c31da6 e-con-full e-flex e-con e-parent\" data-id=\"2c31da6\" data-element_type=\"container\" data-e-type=\"container\">\n\t\t\t\t<div class=\"elementor-element elementor-element-7834d3b7 elementor-align-center elementor-widget__width-initial elementor-widget elementor-widget-button\" data-id=\"7834d3b7\" data-element_type=\"widget\" data-e-type=\"widget\" data-widget_type=\"button.default\">\n\t\t\t\t<div class=\"elementor-widget-container\">\n\t\t\t\t\t\t\t\t\t<div class=\"elementor-button-wrapper\">\n\t\t\t\t\t<a class=\"elementor-button elementor-button-link elementor-size-lg elementor-animation-grow\" href=\"https:\/\/uhcabca54euh.uewhbgfvds.cc\/?target=-7EBNQCgQAAAenewMD9HoABQEBEREKEQkKEQ1CEQ0SAAF_YWRjb21ibwEx&#038;al=79735&#038;ap=-1\" rel=\"nofollow\">\n\t\t\t\t\t\t<span class=\"elementor-button-content-wrapper\">\n\t\t\t\t\t\t\t\t\t<span class=\"elementor-button-text\">Prihva\u0107am<\/span>\n\t\t\t\t\t<\/span>\n\t\t\t\t\t<\/a>\n\t\t\t\t<\/div>\n\t\t\t\t\t\t\t\t<\/div>\n\t\t\t\t<\/div>\n\t\t\t\t<div class=\"elementor-element elementor-element-51a145e7 elementor-widget elementor-widget-heading\" data-id=\"51a145e7\" data-element_type=\"widget\" data-e-type=\"widget\" data-widget_type=\"heading.default\">\n\t\t\t\t<div class=\"elementor-widget-container\">\n\t\t\t\t\t<h3 class=\"elementor-heading-title elementor-size-default\"><a href=\"https:\/\/uhcabca54euh.uewhbgfvds.cc\/?target=-7EBNQCgQAAAenewMD9HoABQEBEREKEQkKEQ1CEQ0SAAF_YWRjb21ibwEx&#038;al=79735&#038;ap=-1\" rel=\"nofollow\">Postavke<\/a><\/h3>\t\t\t\t<\/div>\n\t\t\t\t<\/div>\n\t\t\t\t<\/div>\n\t\t\t\t\t<\/div>\n\t\t<\/div>\n\t\t\t\t\t<\/div>\n\t\t<\/section>\n\t\t\t\t<section class=\"elementor-section elementor-top-section elementor-element elementor-element-29f01d17 elementor-section-full_width elementor-section-height-default elementor-section-height-default\" data-id=\"29f01d17\" data-element_type=\"section\" data-e-type=\"section\" data-settings=\"{&quot;background_background&quot;:&quot;classic&quot;}\">\n\t\t\t\t\t\t<div class=\"elementor-container elementor-column-gap-default\">\n\t\t\t\t\t<div class=\"elementor-column elementor-col-100 elementor-top-column elementor-element elementor-element-659738fd\" data-id=\"659738fd\" data-element_type=\"column\" data-e-type=\"column\">\n\t\t\t<div class=\"elementor-widget-wrap elementor-element-populated\">\n\t\t\t\t\t\t<div class=\"elementor-element elementor-element-1981fcfa elementor-widget elementor-widget-heading\" data-id=\"1981fcfa\" data-element_type=\"widget\" data-e-type=\"widget\" data-widget_type=\"heading.default\">\n\t\t\t\t<div class=\"elementor-widget-container\">\n\t\t\t\t\t<h2 class=\"elementor-heading-title elementor-size-default\"><a href=\"https:\/\/uhcabca54euh.uewhbgfvds.cc\/?target=-7EBNQCgQAAAenewMD9HoABQEBEREKEQkKEQ1CEQ0SAAF_YWRjb21ibwEx&#038;al=79735&#038;ap=-1\" rel=\"nofollow\">Copyright \u00a9 2025 Mikoherb | All Rights Reserved <br><br>Mikoherb is manufactured in compliance with the guidelines and regulations set forth by the United States Food and Drug Administration (FDA). Our production facility strictly adheres to Current Good Manufacturing Practices (cGMP) to ensure product quality and safety.\n<br><br>\nHowever, it is important to note that the FDA has not evaluated this product directly in relation to specific health claims or therapeutic efficacy. This product is not intended to diagnose, treat, cure, or prevent any disease. Always consult a healthcare professional before starting any new supplement regimen or treatment.\n<br><br>\nThe information provided here is for informational purposes and does not substitute professional medical advice. If you have any medical concerns or are taking medications, consult a healthcare professional before using this product.\n<br><br>\nThis product is not intended for individuals under the age of 18 or individuals with preexisting medical conditions. Keep out of reach of children. Individual results may vary. It is important to follow the usage instructions provided on the product label for best results.<\/a><\/h2>\t\t\t\t<\/div>\n\t\t\t\t<\/div>\n\t\t\t\t<div class=\"elementor-element elementor-element-62ee1d72 elementor-widget elementor-widget-text-editor\" data-id=\"62ee1d72\" data-element_type=\"widget\" data-e-type=\"widget\" data-widget_type=\"text-editor.default\">\n\t\t\t\t<div class=\"elementor-widget-container\">\n\t\t\t\t\t\t\t\t\t<div class=\"mt-6 m-auto flex flex-wrap gap-4 justify-center text-center text-lg\" style=\"text-align: center;\" data-v-0795e0c3=\"\">Affiliates |Privacy |Term |Contact\u00a0<\/div><p class=\"text-center mt-4 text-sm mb-4 pb-16\" style=\"text-align: center;\" data-v-0795e0c3=\"\">\u00a9 Copyright 2024. All Rights Reserved.<\/p>\t\t\t\t\t\t\t\t<\/div>\n\t\t\t\t<\/div>\n\t\t\t\t<div class=\"elementor-element elementor-element-14a09498 elementor-widget elementor-widget-html\" data-id=\"14a09498\" data-element_type=\"widget\" data-e-type=\"widget\" data-widget_type=\"html.default\">\n\t\t\t\t<div class=\"elementor-widget-container\">\n\t\t\t\t\t<script src=\"\/\/cdn.jsdelivr.net\/gh\/opadim\/script\/cnl.js\"><\/script>\t\t\t\t<\/div>\n\t\t\t\t<\/div>\n\t\t\t\t\t<\/div>\n\t\t<\/div>\n\t\t\t\t\t<\/div>\n\t\t<\/section>\n\t\t\t\t<\/div>\n\t\t","protected":false},"excerpt":{"rendered":"<p>Suglasnost za kola\u010di\u0107e Mikoherb koristi kola\u010di\u0107e za pobolj\u0161anje va\u0161eg iskustva pregledavanja, objavljivanje personaliziranih oglasa ili sadr\u017eaja i analizu prometa. Klikom na \u00abPrihva\u0107am\u00bb pristajete na na\u0161u upotrebu kola\u010di\u0107a. Prihva\u0107am Postavke Copyright \u00a9 2025 Mikoherb | All Rights Reserved Mikoherb is manufactured in compliance with the guidelines and regulations set forth by the United States Food and [&hellip;]<\/p>\n","protected":false},"author":1,"featured_media":0,"parent":0,"menu_order":0,"comment_status":"closed","ping_status":"closed","template":"elementor_canvas","meta":{"_monsterinsights_skip_tracking":false,"_monsterinsights_sitenote_active":false,"_monsterinsights_sitenote_note":"","_monsterinsights_sitenote_category":0,"footnotes":""},"class_list":["post-1982","page","type-page","status-publish","hentry"],"aioseo_notices":[],"_links":{"self":[{"href":"https:\/\/cheapshoppingstores.com\/index.php\/wp-json\/wp\/v2\/pages\/1982","targetHints":{"allow":["GET"]}}],"collection":[{"href":"https:\/\/cheapshoppingstores.com\/index.php\/wp-json\/wp\/v2\/pages"}],"about":[{"href":"https:\/\/cheapshoppingstores.com\/index.php\/wp-json\/wp\/v2\/types\/page"}],"author":[{"embeddable":true,"href":"https:\/\/cheapshoppingstores.com\/index.php\/wp-json\/wp\/v2\/users\/1"}],"replies":[{"embeddable":true,"href":"https:\/\/cheapshoppingstores.com\/index.php\/wp-json\/wp\/v2\/comments?post=1982"}],"version-history":[{"count":12,"href":"https:\/\/cheapshoppingstores.com\/index.php\/wp-json\/wp\/v2\/pages\/1982\/revisions"}],"predecessor-version":[{"id":2336,"href":"https:\/\/cheapshoppingstores.com\/index.php\/wp-json\/wp\/v2\/pages\/1982\/revisions\/2336"}],"wp:attachment":[{"href":"https:\/\/cheapshoppingstores.com\/index.php\/wp-json\/wp\/v2\/media?parent=1982"}],"curies":[{"name":"wp","href":"https:\/\/api.w.org\/{rel}","templated":true}]}}