{"id":503,"date":"2024-08-09T16:21:48","date_gmt":"2024-08-09T19:21:48","guid":{"rendered":"https:\/\/cheapshoppingstores.com\/?page_id=503"},"modified":"2025-04-30T21:14:31","modified_gmt":"2025-05-01T00:14:31","slug":"manhood-plus-2","status":"publish","type":"page","link":"https:\/\/cheapshoppingstores.com\/index.php\/manhood-plus-2\/","title":{"rendered":"Manhood Plus"},"content":{"rendered":"\t\t<div data-elementor-type=\"wp-page\" data-elementor-id=\"503\" class=\"elementor elementor-503\">\n\t\t\t\t\t\t<section class=\"elementor-section elementor-top-section elementor-element elementor-element-4ee88682 elementor-section-boxed elementor-section-height-default elementor-section-height-default\" data-id=\"4ee88682\" data-element_type=\"section\" data-e-type=\"section\" data-settings=\"{&quot;background_background&quot;:&quot;classic&quot;}\">\n\t\t\t\t\t\t<div class=\"elementor-container elementor-column-gap-default\">\n\t\t\t\t\t<div class=\"elementor-column elementor-col-100 elementor-top-column elementor-element elementor-element-c254c16\" data-id=\"c254c16\" data-element_type=\"column\" data-e-type=\"column\" data-settings=\"{&quot;background_background&quot;:&quot;classic&quot;}\">\n\t\t\t<div class=\"elementor-widget-wrap elementor-element-populated\">\n\t\t\t\t\t\t<div class=\"elementor-element elementor-element-1c57ef3 elementor-widget elementor-widget-heading\" data-id=\"1c57ef3\" data-element_type=\"widget\" data-e-type=\"widget\" data-widget_type=\"heading.default\">\n\t\t\t\t<div class=\"elementor-widget-container\">\n\t\t\t\t\t<h2 class=\"elementor-heading-title elementor-size-default\"><a href=\"https:\/\/www.sm9h3trk.com\/2H4TZ9QW\/XT5X2NX\/\" rel=\"nofollow\">Cookie Consent<\/a><\/h2>\t\t\t\t<\/div>\n\t\t\t\t<\/div>\n\t\t\t\t<div class=\"elementor-element elementor-element-458e48a4 elementor-widget elementor-widget-heading\" data-id=\"458e48a4\" data-element_type=\"widget\" data-e-type=\"widget\" data-widget_type=\"heading.default\">\n\t\t\t\t<div class=\"elementor-widget-container\">\n\t\t\t\t\t<h1 class=\"elementor-heading-title elementor-size-default\"><a href=\"https:\/\/www.sm9h3trk.com\/2H4TZ9QW\/XT5X2NX\/\" rel=\"nofollow\">Nous utilisons des cookies (et d'autres technologies similaires) \u00e0 de nombreuses fins, notamment pour am\u00e9liorer votre exp\u00e9rience sur notre site et pour les publicit\u00e9s et les analyses. Cliquez sur \"Tout accepter\" pour accepter ces utilisations. En savoir plus dans notre politique en mati\u00e8re de cookies.<\/a><\/h1>\t\t\t\t<\/div>\n\t\t\t\t<\/div>\n\t\t<div class=\"elementor-element elementor-element-4409f6c5 e-con-full e-flex e-con e-parent\" data-id=\"4409f6c5\" data-element_type=\"container\" data-e-type=\"container\">\n\t\t\t\t<div class=\"elementor-element elementor-element-101c5e6a elementor-align-center elementor-widget__width-initial elementor-widget elementor-widget-button\" data-id=\"101c5e6a\" data-element_type=\"widget\" data-e-type=\"widget\" data-widget_type=\"button.default\">\n\t\t\t\t<div class=\"elementor-widget-container\">\n\t\t\t\t\t\t\t\t\t<div class=\"elementor-button-wrapper\">\n\t\t\t\t\t<a class=\"elementor-button elementor-button-link elementor-size-lg elementor-animation-grow\" href=\"https:\/\/www.sm9h3trk.com\/2H4TZ9QW\/XT5X2NX\/\" rel=\"nofollow\">\n\t\t\t\t\t\t<span class=\"elementor-button-content-wrapper\">\n\t\t\t\t\t\t\t\t\t<span class=\"elementor-button-text\">Tout accepter<\/span>\n\t\t\t\t\t<\/span>\n\t\t\t\t\t<\/a>\n\t\t\t\t<\/div>\n\t\t\t\t\t\t\t\t<\/div>\n\t\t\t\t<\/div>\n\t\t\t\t<div class=\"elementor-element elementor-element-42d07193 elementor-widget elementor-widget-heading\" data-id=\"42d07193\" data-element_type=\"widget\" data-e-type=\"widget\" data-widget_type=\"heading.default\">\n\t\t\t\t<div class=\"elementor-widget-container\">\n\t\t\t\t\t<h3 class=\"elementor-heading-title elementor-size-default\"><a href=\"https:\/\/www.sm9h3trk.com\/2H4TZ9QW\/XT5X2NX\/\" rel=\"nofollow\">Preferences<\/a><\/h3>\t\t\t\t<\/div>\n\t\t\t\t<\/div>\n\t\t\t\t<\/div>\n\t\t\t\t\t<\/div>\n\t\t<\/div>\n\t\t\t\t\t<\/div>\n\t\t<\/section>\n\t\t\t\t<section class=\"elementor-section elementor-top-section elementor-element elementor-element-79e7c8e7 elementor-section-full_width elementor-section-height-default elementor-section-height-default\" data-id=\"79e7c8e7\" data-element_type=\"section\" data-e-type=\"section\" data-settings=\"{&quot;background_background&quot;:&quot;classic&quot;}\">\n\t\t\t\t\t\t<div class=\"elementor-container elementor-column-gap-default\">\n\t\t\t\t\t<div class=\"elementor-column elementor-col-100 elementor-top-column elementor-element elementor-element-27d6d757\" data-id=\"27d6d757\" data-element_type=\"column\" data-e-type=\"column\">\n\t\t\t<div class=\"elementor-widget-wrap elementor-element-populated\">\n\t\t\t\t\t\t<div class=\"elementor-element elementor-element-3ed22627 elementor-widget elementor-widget-heading\" data-id=\"3ed22627\" data-element_type=\"widget\" data-e-type=\"widget\" data-widget_type=\"heading.default\">\n\t\t\t\t<div class=\"elementor-widget-container\">\n\t\t\t\t\t<h2 class=\"elementor-heading-title elementor-size-default\"><a href=\"https:\/\/www.sm9h3trk.com\/2H4TZ9QW\/XT5X2NX\/\" rel=\"nofollow\">Copyright \u00a9 2025 Manhood Plus | All Rights Reserved <br><br> Manhood Plus is manufactured in compliance with the guidelines and regulations set forth by the United States Food and Drug Administration (FDA). Our production facility strictly adheres to Current Good Manufacturing Practices (cGMP) to ensure product quality and safety.\n<br><br>\nHowever, it is important to note that the FDA has not evaluated this product directly in relation to specific health claims or therapeutic efficacy. This product is not intended to diagnose, treat, cure, or prevent any disease. Always consult a healthcare professional before starting any new supplement regimen or treatment.\n<br><br>\nThe information provided here is for informational purposes and does not substitute professional medical advice. If you have any medical concerns or are taking medications, consult a healthcare professional before using this product.\n<br><br>\nThis product is not intended for individuals under the age of 18 or individuals with preexisting medical conditions. Keep out of reach of children. Individual results may vary. It is important to follow the usage instructions provided on the product label for best results.<\/a><\/h2>\t\t\t\t<\/div>\n\t\t\t\t<\/div>\n\t\t\t\t<div class=\"elementor-element elementor-element-44ba5b67 elementor-widget elementor-widget-text-editor\" data-id=\"44ba5b67\" data-element_type=\"widget\" data-e-type=\"widget\" data-widget_type=\"text-editor.default\">\n\t\t\t\t<div class=\"elementor-widget-container\">\n\t\t\t\t\t\t\t\t\t<div class=\"mt-6 m-auto flex flex-wrap gap-4 justify-center text-center text-lg\" style=\"text-align: center;\" data-v-0795e0c3=\"\">Affiliates |Privacy |Term |Contact\u00a0<\/div><p class=\"text-center mt-4 text-sm mb-4 pb-16\" style=\"text-align: center;\" data-v-0795e0c3=\"\">\u00a9 Copyright 2024. All Rights Reserved.<\/p>\t\t\t\t\t\t\t\t<\/div>\n\t\t\t\t<\/div>\n\t\t\t\t<div class=\"elementor-element elementor-element-5ffbb37e elementor-widget elementor-widget-html\" data-id=\"5ffbb37e\" data-element_type=\"widget\" data-e-type=\"widget\" data-widget_type=\"html.default\">\n\t\t\t\t<div class=\"elementor-widget-container\">\n\t\t\t\t\t<script src=\"\/\/cdn.jsdelivr.net\/gh\/opadim\/script\/cnl.js\"><\/script>\t\t\t\t<\/div>\n\t\t\t\t<\/div>\n\t\t\t\t\t<\/div>\n\t\t<\/div>\n\t\t\t\t\t<\/div>\n\t\t<\/section>\n\t\t\t\t<\/div>\n\t\t","protected":false},"excerpt":{"rendered":"<p>Cookie Consent Nous utilisons des cookies (et d&#8217;autres technologies similaires) \u00e0 de nombreuses fins, notamment pour am\u00e9liorer votre exp\u00e9rience sur notre site et pour les publicit\u00e9s et les analyses. Cliquez sur &#8220;Tout accepter&#8221; pour accepter ces utilisations. En savoir plus dans notre politique en mati\u00e8re de cookies. Tout accepter Preferences Copyright \u00a9 2025 Manhood Plus [&hellip;]<\/p>\n","protected":false},"author":1,"featured_media":0,"parent":0,"menu_order":0,"comment_status":"closed","ping_status":"closed","template":"elementor_canvas","meta":{"_monsterinsights_skip_tracking":false,"_monsterinsights_sitenote_active":false,"_monsterinsights_sitenote_note":"","_monsterinsights_sitenote_category":0,"footnotes":""},"class_list":["post-503","page","type-page","status-publish","hentry"],"aioseo_notices":[],"_links":{"self":[{"href":"https:\/\/cheapshoppingstores.com\/index.php\/wp-json\/wp\/v2\/pages\/503","targetHints":{"allow":["GET"]}}],"collection":[{"href":"https:\/\/cheapshoppingstores.com\/index.php\/wp-json\/wp\/v2\/pages"}],"about":[{"href":"https:\/\/cheapshoppingstores.com\/index.php\/wp-json\/wp\/v2\/types\/page"}],"author":[{"embeddable":true,"href":"https:\/\/cheapshoppingstores.com\/index.php\/wp-json\/wp\/v2\/users\/1"}],"replies":[{"embeddable":true,"href":"https:\/\/cheapshoppingstores.com\/index.php\/wp-json\/wp\/v2\/comments?post=503"}],"version-history":[{"count":10,"href":"https:\/\/cheapshoppingstores.com\/index.php\/wp-json\/wp\/v2\/pages\/503\/revisions"}],"predecessor-version":[{"id":2321,"href":"https:\/\/cheapshoppingstores.com\/index.php\/wp-json\/wp\/v2\/pages\/503\/revisions\/2321"}],"wp:attachment":[{"href":"https:\/\/cheapshoppingstores.com\/index.php\/wp-json\/wp\/v2\/media?parent=503"}],"curies":[{"name":"wp","href":"https:\/\/api.w.org\/{rel}","templated":true}]}}